{"id":5,"date":"2014-08-18T10:25:24","date_gmt":"2014-08-18T10:25:24","guid":{"rendered":"http:\/\/seventhqueen.com\/themes\/kleo\/demo-portfolio\/?page_id=5"},"modified":"2016-10-20T09:20:05","modified_gmt":"2016-10-20T09:20:05","slug":"home","status":"publish","type":"page","link":"https:\/\/estonoesunapelicula.com\/","title":{"rendered":"Home"},"content":{"rendered":"<p>[vc_row content_placement=\u00bbmiddle\u00bb inner_container=\u00bbno\u00bb text_align=\u00bbcenter\u00bb vertical_align=\u00bbyes\u00bb padding_top=\u00bb0&#8243; padding_bottom=\u00bb0&#8243;][vc_column][vc_single_image image=\u00bb1180&#8243; img_size=\u00bbfull\u00bb alignment=\u00bbcenter\u00bb][vc_video link=\u00bbhttps:\/\/youtu.be\/og8mClf_lao\u00bb align=\u00bbcenter\u00bb][rev_slider_vc alias=\u00bb22o_ind\u00bb][\/vc_column][\/vc_row][vc_row text_color=\u00bb#ffffff\u00bb type=\u00bbimage\u00bb bg_color=\u00bb#34495e\u00bb bg_position_horizontal=\u00bbcenter\u00bb padding_top=\u00bb10&#8243; padding_bottom=\u00bb\u00bb el_class=\u00bbov-hidden\u00bb][vc_column width=\u00bb1\/3&#8243;][\/vc_column][vc_column width=\u00bb1\/3&#8243;]<div  class=\"kleo-gap\" style=\"height:10px;line-height:10px;\"><\/div>[vc_column_text]<\/p>\n<h1 style=\"text-align: center;\">MAKING-OFF<\/h1>\n<p>[\/vc_column_text][\/vc_column][vc_column width=\u00bb1\/3&#8243;][\/vc_column][\/vc_row][vc_row text_align=\u00bbcenter\u00bb padding_top=\u00bb20&#8243; padding_bottom=\u00bb20&#8243; border=\u00bbbottom\u00bb][vc_column][vc_column_text]<\/p>\n<h2 style=\"text-align: center;\">Descubre c\u00f3mo se rod\u00f3 esta campa\u00f1a<\/h2>\n<p>[\/vc_column_text][vc_column_text lead=\u00bbyes\u00bb]Con tremenda ilusi\u00f3n pasamos un d\u00eda inolvidable en el que ve\u00edamos ponerse en marcha lo que hasta entonces solo hab\u00eda sido un proyecto lejano con horas y horas de trabajo detr\u00e1s.<\/p>\n<p>Nos adentramos en la realizaci\u00f3n de esta campa\u00f1a de la mano de la agencia <a href=\"http:\/\/www.objetivored.com\">Objetivo Red<\/a>\u00a0y con la inestimable colaboraci\u00f3n del director de fotograf\u00eda Antonio Galisteo.[\/vc_column_text][vc_video link=\u00bbhttps:\/\/youtu.be\/FfVwmF98O_E\u00bb][\/vc_column][\/vc_row][vc_row text_color=\u00bb#ffffff\u00bb type=\u00bbimage\u00bb bg_color=\u00bb#34495e\u00bb bg_position_horizontal=\u00bbcenter\u00bb padding_top=\u00bb10px\u00bb padding_bottom=\u00bb\u00bb el_class=\u00bbov-hidden\u00bb][vc_column width=\u00bb1\/3&#8243;][\/vc_column][vc_column width=\u00bb1\/3&#8243;][vc_column_text]<\/p>\n<h1 style=\"text-align: center;\">ENTREVISTA<\/h1>\n<p>[\/vc_column_text][\/vc_column][vc_column width=\u00bb1\/3&#8243;][\/vc_column][\/vc_row][vc_row front_status=\u00bbdraft\u00bb text_align=\u00bbcenter\u00bb text_color=\u00bb#ffffff\u00bb type=\u00bbcolor\u00bb bg_color=\u00bb#ffcd3b\u00bb border=\u00bbbottom\u00bb][vc_column][vc_column_text]<\/p>\n<h2>Fun Facts<\/h2>\n<p>[\/vc_column_text][vc_row_inner][vc_column_inner width=\u00bb1\/4&#8243;][\/vc_column_inner][vc_column_inner width=\u00bb1\/6&#8243;][vc_column_text]<\/p>\n<h1 style=\"margin-bottom: 0;\"><span data-number=\"2\" class=\" kleo-animate-number animate-when-almost-visible\" data-timer=\"3000\">2<\/span>.<span data-number=\"247\" class=\" kleo-animate-number animate-when-almost-visible\" data-timer=\"3000\">247<\/span><\/h1>\n<h4>MEMBERS ONLINE<\/h4>\n<p>[\/vc_column_text][\/vc_column_inner][vc_column_inner width=\u00bb1\/6&#8243;][vc_column_text]<\/p>\n<h1 style=\"margin-bottom: 0;\"><span data-number=\"362\" class=\" kleo-animate-number animate-when-almost-visible\" data-timer=\"3000\">362<\/span><\/h1>\n<h4>GROUPS OF INTERESTS<\/h4>\n<p>[\/vc_column_text][\/vc_column_inner][vc_column_inner width=\u00bb1\/6&#8243;][vc_column_text]<\/p>\n<h1 style=\"margin-bottom: 0;\"><span data-number=\"43\" class=\" kleo-animate-number animate-when-almost-visible\" data-timer=\"3000\">43<\/span>.<span data-number=\"815\" class=\" kleo-animate-number animate-when-almost-visible\" data-timer=\"3000\">815<\/span><\/h1>\n<h4>TOPICS CREATED<\/h4>\n<p>[\/vc_column_text][\/vc_column_inner][vc_column_inner width=\u00bb1\/4&#8243;][\/vc_column_inner][\/vc_row_inner]<div  class=\"kleo-gap\" style=\"height:20px;line-height:20px;\"><\/div>\n\t<div  class=\"hr-title hr-full hr-center\" style=\"\"><abbr><i class=\"\"><\/i> Join us today and share the same experience with the most happiest users worldwide<\/abbr><\/div><div  class=\"kleo-gap\" style=\"height:20px;line-height:20px;\"><\/div>[vc_row_inner][vc_column_inner width=\u00bb1\/4&#8243;][\/vc_column_inner][vc_column_inner width=\u00bb1\/2&#8243;][\/vc_column_inner][vc_column_inner width=\u00bb1\/4&#8243;][\/vc_column_inner][\/vc_row_inner]<div  class=\"kleo-gap\" style=\"height:20px;line-height:20px;\"><\/div>[\/vc_column][\/vc_row][vc_row front_status=\u00bbdraft\u00bb text_align=\u00bbcenter\u00bb padding_top=\u00bb100&#8243; padding_bottom=\u00bb100&#8243; border=\u00bbbottom\u00bb][vc_column][vc_column_text]<\/p>\n<h2>About us<\/h2>\n<p>[\/vc_column_text][vc_column_text lead=\u00bbyes\u00bb]It is our mission to be the most trusted and influential leader in the industry. We will provide our customers unparalleled \u00abno-excuses\u00bb services anywhere in the world where they may operate. Our core values:[\/vc_column_text]<div  class=\"kleo-gap\" style=\"height:30px;line-height:30px;\"><\/div>[vc_tabs type=\u00bbpills\u00bb align=\u00bbcentered\u00bb][vc_tab tab_id=\u00bb1408539342-1-86&#8243; title=\u00bbThe Team\u00bb][\/vc_tab][vc_tab tab_id=\u00bb1408539342-2-0&#8243; title=\u00bbOur History\u00bb][\/vc_tab][\/vc_tabs][\/vc_column][\/vc_row][vc_row front_status=\u00bbdraft\u00bb text_align=\u00bbcenter\u00bb padding_top=\u00bb100&#8243; padding_bottom=\u00bb100&#8243;][vc_column][vc_column_text]<\/p>\n<h3>IN CASE YOU NEED HELP<\/h3>\n<p>[\/vc_column_text]<div class=\"row multi-columns-row box-style three-column-items\"><div class=\"one-by-one-animated animate-when-almost-visible\"><div class=\"feature-items col-xs-12 col-sm-6 col-md-4\"><div class=\"kleo-block feature-item list-el-animated default-icons-size center-icons\"><span class=\"feature-icon el-appear icon-help\"><\/span><h3 class=\"feature-title\">Presales Question?<\/h3><div class=\"feature-text\">This theme comes with an extensive help file that explains how to set up every aspect of the theme, however, we\u2019ll be happy to help you if you need technical support or have any question. Dont hesitate to contact us via our support forum.<\/div><\/div><\/div><div class=\"feature-items col-xs-12 col-sm-6 col-md-4\"><div class=\"kleo-block feature-item list-el-animated default-icons-size center-icons\"><span class=\"feature-icon el-appear icon-graduation-cap\"><\/span><h3 class=\"feature-title\">Need Support?<\/h3><div class=\"feature-text\">This theme comes with an extensive help file that explains how to set up every aspect of the theme, however, we\u2019ll be happy to help you if you need technical support or have any question. Dont hesitate to contact us via our support forum.<\/div><\/div><\/div><div class=\"feature-items col-xs-12 col-sm-6 col-md-4\"><div class=\"kleo-block feature-item list-el-animated default-icons-size center-icons\"><span class=\"feature-icon el-appear icon-chat\"><\/span><h3 class=\"feature-title\">Check Forum<\/h3><div class=\"feature-text\">This theme comes with an extensive help file that explains how to set up every aspect of the theme, however, we\u2019ll be happy to help you if you need technical support or have any question. Dont hesitate to contact us via our support forum.<\/div><\/div><\/div><\/div><\/div>[\/vc_column][\/vc_row][vc_row text_align=\u00bbcenter\u00bb padding_top=\u00bb20&#8243; padding_bottom=\u00bb20&#8243; border=\u00bbbottom\u00bb][vc_column][vc_column_text]<\/p>\n<h2>Una conversaci\u00f3n entre Antonio de la Torre e Isidoro Ruiz<\/h2>\n<p>[\/vc_column_text][vc_column_text lead=\u00bbyes\u00bb]Antonio de la Torre e Isidoro Ruiz, nuestro Isi. Mano a mano, nos hablan de su experiencia mutua durante el rodaje de la pel\u00edcula \u201cQue Dios nos perdone\u201d, donde el actor interpreta a un personaje de ficci\u00f3n que tartamudea. Sin embargo, nuestra vida no es una pel\u00edcula.[\/vc_column_text][vc_video link=\u00bbhttps:\/\/youtu.be\/2keKkL2mkcI\u00bb][\/vc_column][\/vc_row][vc_row text_color=\u00bb#ffffff\u00bb type=\u00bbimage\u00bb bg_color=\u00bb#34495e\u00bb bg_position_horizontal=\u00bbcenter\u00bb padding_top=\u00bb10px\u00bb padding_bottom=\u00bb\u00bb el_class=\u00bbov-hidden\u00bb][vc_column width=\u00bb1\/3&#8243;][\/vc_column][vc_column width=\u00bb1\/3&#8243;]<div  class=\"kleo-gap\" style=\"height:10px;line-height:10px;\"><\/div>[vc_column_text]<\/p>\n<h1 style=\"text-align: center;\">CORTES TV<\/h1>\n<p>[\/vc_column_text][\/vc_column][vc_column width=\u00bb1\/3&#8243;][\/vc_column][\/vc_row][vc_row text_align=\u00bbcenter\u00bb padding_top=\u00bb20&#8243; padding_bottom=\u00bb0&#8243; border=\u00bbbottom\u00bb][vc_column][vc_column_text]<\/p>\n<h2>Un mensaje directo con muy pocas palabras<\/h2>\n<p>[\/vc_column_text][vc_column_text lead=\u00bbyes\u00bb]Spots realizados para su difusi\u00f3n en emisoras de radio y en televisi\u00f3n.[\/vc_column_text][\/vc_column][\/vc_row][vc_row text_align=\u00bbcenter\u00bb padding_top=\u00bb20&#8243; padding_bottom=\u00bb20&#8243; border=\u00bbbottom\u00bb][vc_column width=\u00bb1\/3&#8243;][vc_video link=\u00bbhttps:\/\/youtu.be\/b0ybOK5srqA\u00bb][\/vc_column][vc_column width=\u00bb1\/3&#8243;][vc_video link=\u00bbhttps:\/\/youtu.be\/99B_QMXDDYk\u00bb][\/vc_column][vc_column width=\u00bb1\/3&#8243;][vc_video link=\u00bbhttps:\/\/youtu.be\/LL5NECWs0go\u00bb][\/vc_column][\/vc_row][vc_row text_color=\u00bb#ffffff\u00bb type=\u00bbimage\u00bb bg_color=\u00bb#34495e\u00bb bg_position_horizontal=\u00bbcenter\u00bb padding_top=\u00bb10px\u00bb padding_bottom=\u00bb\u00bb el_class=\u00bbov-hidden\u00bb][vc_column width=\u00bb1\/3&#8243;][\/vc_column][vc_column width=\u00bb1\/3&#8243;]<div  class=\"kleo-gap\" style=\"height:10px;line-height:10px;\"><\/div>[vc_column_text]<\/p>\n<h1 style=\"text-align: center;\">GALERIA DE FOTOS<\/h1>\n<p>[\/vc_column_text][\/vc_column][vc_column width=\u00bb1\/3&#8243;][\/vc_column][\/vc_row][vc_row text_align=\u00bbcenter\u00bb padding_top=\u00bb20&#8243; padding_bottom=\u00bb20&#8243; border=\u00bbbottom\u00bb][vc_column][vc_column_text]<\/p>\n<h1>POSTALES DE UN RODAJE<\/h1>\n<p>[\/vc_column_text][vc_column_text lead=\u00bbyes\u00bb]Gracias a Juan Francisco Medina L\u00f3pez por captar no solo las im\u00e1genes si no tambi\u00e9n los sentimientos. Sus fotos os trasladar\u00e1n a ese momento como si hubierais estado all\u00ed.<\/p>\n<p>Todos\u00a0 #somosfundaci\u00f3nttm[\/vc_column_text][vc_gallery type=\u00bbgrid\u00bb images=\u00bb1390,1389,1387,1388,1385,1386,1382,1383,1384,1381,1380,1378,1374,1373,1377,1376,1375,1379,1372,1366,1365,1370,1371,1364,1368,1363,1362,1369,1367,1361,1359,1354,1360,1353,1358,1356,1355,1357,1352,1351,1349,1350,1348,1347,1345,1346,1344,1343,1342,1341,1340,1339,1338,1336,1337,1335,1334,1332,1333,1331,1330,1328,1329,1327,1326,1325,1324,1322,1323,1321,1319,1320,1318,1317,1316,1315,1314,1313,1311,1312,1310,1309,1308,1307,1306,1305,1304,1303,1302,1301&#8243; gap=\u00bblarge\u00bb][\/vc_column][\/vc_row][vc_row text_align=\u00bbcenter\u00bb text_color=\u00bb#b2b8c0&#8243; type=\u00bbcolor\u00bb bg_color=\u00bb#263242&#8243; padding_top=\u00bb10&#8243; padding_bottom=\u00bb20&#8243;][vc_column][vc_column_text]<\/p>\n<h1><span style=\"color: #ff6600;\"><a style=\"color: #ff6600;\" href=\"https:\/\/www.fundacionttm.org\" target=\"_blank\"><strong>Fundaci\u00f3n Espa\u00f1ola de la Tartamudez<\/strong><\/a><\/span><br \/>\n22 de Octubre de 2016<br \/>\nD\u00eda Internacional de la Tartamudez<\/h1>\n<p>[\/vc_column_text]<div  class=\"kleo-gap\" style=\"height:10px;line-height:10px;\"><\/div><a class=\"kleo-icon-anchor\" href=\"https:\/\/www.fundacionttm.org\" target=\"_blank\"><i class=\"link-icon icon-eject icon-2x\"style=\"color: #ffffff\"><\/i><\/a><a class=\"kleo-icon-anchor\" href=\"https:\/\/twitter.com\/Fundacion_TTM\" target=\"_blank\"><i class=\"link-icon icon-twitter icon-2x\"><\/i><\/a><a class=\"kleo-icon-anchor\" href=\"https:\/\/www.facebook.com\/Fundaci\u00f3n-Espa\u00f1ola-de-la-Tartamudez-1477724512442610\/?fref=ts\" target=\"_blank\"><i class=\"link-icon icon-facebook icon-2x\"><\/i><\/a><a class=\"kleo-icon-anchor\" href=\"https:\/\/plus.google.com\/111328612545416552299\/about\" target=\"_blank\"><i class=\"link-icon icon-gplus icon-2x\"><\/i><\/a><a class=\"kleo-icon-anchor\" href=\"https:\/\/www.youtube.com\/channel\/UCLVxRKje1G7LMykBRHAde5g\" target=\"_blank\"><i class=\"link-icon icon-youtube icon-2x\"><\/i><\/a>[\/vc_column][\/vc_row]<\/p>\n","protected":false},"excerpt":{"rendered":"<p>[vc_row content_placement=\u00bbmiddle\u00bb inner_container=\u00bbno\u00bb text_align=\u00bbcenter\u00bb vertical_align=\u00bbyes\u00bb padding_top=\u00bb0&#8243; padding_bottom=\u00bb0&#8243;][vc_column][vc_single_image image=\u00bb1180&#8243; img_size=\u00bbfull\u00bb alignment=\u00bbcenter\u00bb][vc_video link=\u00bbhttps:\/\/youtu.be\/og8mClf_lao\u00bb align=\u00bbcenter\u00bb][rev_slider_vc alias=\u00bb22o_ind\u00bb][\/vc_column][\/vc_row][vc_row text_color=\u00bb#ffffff\u00bb type=\u00bbimage\u00bb bg_color=\u00bb#34495e\u00bb bg_position_horizontal=\u00bbcenter\u00bb padding_top=\u00bb10&#8243; padding_bottom=\u00bb\u00bb el_class=\u00bbov-hidden\u00bb][vc_column width=\u00bb1\/3&#8243;][\/vc_column][vc_column width=\u00bb1\/3&#8243;][vc_column_text] MAKING-OFF [\/vc_column_text][\/vc_column][vc_column width=\u00bb1\/3&#8243;][\/vc_column][\/vc_row][vc_row text_align=\u00bbcenter\u00bb padding_top=\u00bb20&#8243; padding_bottom=\u00bb20&#8243; border=\u00bbbottom\u00bb][vc_column][vc_column_text] Descubre c\u00f3mo se rod\u00f3 esta campa\u00f1a [\/vc_column_text][vc_column_text lead=\u00bbyes\u00bb]Con tremenda ilusi\u00f3n pasamos un d\u00eda inolvidable en el que ve\u00edamos ponerse en marcha lo que hasta entonces solo hab\u00eda sido un proyecto lejano [&hellip;]<\/p>\n","protected":false},"author":1,"featured_media":0,"parent":0,"menu_order":0,"comment_status":"open","ping_status":"closed","template":"page-templates\/full-width.php","meta":{"jetpack_post_was_ever_published":false,"footnotes":""},"class_list":["post-5","page","type-page","status-publish","hentry"],"jetpack_sharing_enabled":true,"jetpack_shortlink":"https:\/\/wp.me\/P80a0J-5","_links":{"self":[{"href":"https:\/\/estonoesunapelicula.com\/index.php?rest_route=\/wp\/v2\/pages\/5","targetHints":{"allow":["GET"]}}],"collection":[{"href":"https:\/\/estonoesunapelicula.com\/index.php?rest_route=\/wp\/v2\/pages"}],"about":[{"href":"https:\/\/estonoesunapelicula.com\/index.php?rest_route=\/wp\/v2\/types\/page"}],"author":[{"embeddable":true,"href":"https:\/\/estonoesunapelicula.com\/index.php?rest_route=\/wp\/v2\/users\/1"}],"replies":[{"embeddable":true,"href":"https:\/\/estonoesunapelicula.com\/index.php?rest_route=%2Fwp%2Fv2%2Fcomments&post=5"}],"version-history":[{"count":48,"href":"https:\/\/estonoesunapelicula.com\/index.php?rest_route=\/wp\/v2\/pages\/5\/revisions"}],"predecessor-version":[{"id":1407,"href":"https:\/\/estonoesunapelicula.com\/index.php?rest_route=\/wp\/v2\/pages\/5\/revisions\/1407"}],"wp:attachment":[{"href":"https:\/\/estonoesunapelicula.com\/index.php?rest_route=%2Fwp%2Fv2%2Fmedia&parent=5"}],"curies":[{"name":"wp","href":"https:\/\/api.w.org\/{rel}","templated":true}]}}